{"id":7276,"date":"2025-10-04T11:36:25","date_gmt":"2025-10-04T11:36:25","guid":{"rendered":"https:\/\/littlepassportcrew.com\/product\/reisdagboek-kinderen-pdf-bali-indonesie-maleisie\/"},"modified":"2026-01-26T15:37:23","modified_gmt":"2026-01-26T15:37:23","slug":"reisdagboek-kinderen-pdf-bali-indonesie-maleisie","status":"publish","type":"product","link":"https:\/\/littlepassportcrew.com\/nl\/product\/reisdagboek-kinderen-pdf-bali-indonesie-maleisie\/","title":{"rendered":"Reisdagboek voor Kinderen \u2013 Printbaar PDF-bestand"},"content":{"rendered":"<p>Laat je kleine ontdekkingsreiziger zijn of haar grote avonturen vastleggen in Bali, Lombok, Indonesi\u00eb en Maleisi\u00eb!<\/p>\n<p>Het Tiny Traveler\u2019s Trip Journal is een vrolijk, creatief en kleurrijk reisdagboek voor kinderen van 4 tot 12 jaar. Met 78 pagina\u2019s is dit printbare dagboek gemaakt om de fantasie te prikkelen, nieuwsgierigheid te wekken en herinneringen van elke reis op \u00e9\u00e9n plek te bewaren.<\/p>\n<p>In dit reisdagboek vindt je kind onder andere:<br \/>\n&#8211; Een aftelkalender om alvast zin te krijgen in de reis- Dagpagina\u2019s om te schrijven, tekenen en terug te blikken op de dag- Reisspelletjes, creatieve opdrachten en leuke activiteiten- Kleurplaten, tekenplekjes en memory makers- Een vrolijke reisbingo voor onderweg- Een eenvoudige paklijst speciaal voor kinderen<\/p>\n<p>Perfect voor gezinnen die naar <strong>Bali, Lombok of andere bestemmingen in Indonesi\u00eb of Maleisi\u00eb<\/strong> reizen, dit dagboek maakt van elke reis een avontuur om nooit te vergeten.<\/p>\n<p>\ud83d\udcc4 <img decoding=\"async\" class=\"alignnone size-full wp-image-6835\" src=\"https:\/\/littlepassportcrew.com\/wp-content\/uploads\/2025\/10\/IMG_0551.heic\" alt=\"\" \/><strong>Printbaar PDF-bestand \u2013 direct te downloaden<br \/>\n\ud83c\udfa8 78 pagina\u2019s in kleur<br \/>\n\ud83d\udd8d\ufe0f Urenlang plezier met tekenen, kleuren, spelletjes en dagboekschrijven<br \/>\n\ud83c\udf34 Ideaal voor reizen door Indonesi\u00eb en Maleisi\u00eb<\/strong><\/p>\n<p>&nbsp;<\/p>\n","protected":false},"excerpt":{"rendered":"<p>Dit kleurrijke reisdagboek voor kinderen (4\u201312 jaar) is speciaal voor trips naar Bali, Lombok, Indonesi\u00eb en Maleisi\u00eb. Met 78 pagina\u2019s vol tekenplekken, spelletjes, travel bingo en een dagboekgedeelte. Direct printbaar als PDF \u2013 uren plezier gegarandeerd!<\/p>\n","protected":false},"featured_media":6838,"comment_status":"open","ping_status":"closed","template":"","meta":{"neve_meta_sidebar":"","neve_meta_container":"","neve_meta_enable_content_width":"off","neve_meta_content_width":100,"neve_meta_title_alignment":"","neve_meta_author_avatar":"","neve_post_elements_order":"","neve_meta_disable_header":"","neve_meta_disable_footer":"","neve_meta_disable_title":""},"product_brand":[],"product_cat":[85],"product_tag":[89,88,87,86,90],"class_list":{"0":"post-7276","1":"product","2":"type-product","3":"status-publish","4":"has-post-thumbnail","6":"product_cat-digital-downloads","7":"product_tag-bali","8":"product_tag-indonesia","9":"product_tag-malaysia","10":"product_tag-printable","11":"product_tag-travel-journal","13":"first","14":"instock","15":"sale","16":"downloadable","17":"virtual","18":"taxable","19":"purchasable","20":"product-type-simple"},"yoast_head":"<!-- This site is optimized with the Yoast SEO plugin v27.4 - https:\/\/yoast.com\/product\/yoast-seo-wordpress\/ -->\n<title>Reisdagboek voor kinderen \u2013 Bali, Lombok, Indonesi\u00eb &amp; Maleisi\u00eb | PDF<\/title>\n<meta name=\"description\" content=\"Laat je kind zijn avonturen in Bali, Lombok, Indonesi\u00eb en Maleisi\u00eb vastleggen! Dit reisdagboek voor kinderen is een kleurrijke PDF met 78 pagina\u2019s vol spelletjes, tekenplekken en herinneringsopdrachten. Direct printbaar en leuk voor onderweg!\" \/>\n<meta name=\"robots\" content=\"index, follow, max-snippet:-1, max-image-preview:large, max-video-preview:-1\" \/>\n<link rel=\"canonical\" href=\"https:\/\/littlepassportcrew.com\/nl\/product\/reisdagboek-kinderen-pdf-bali-indonesie-maleisie\/\" \/>\n<meta property=\"og:locale\" content=\"nl_NL\" \/>\n<meta property=\"og:type\" content=\"article\" \/>\n<meta property=\"og:title\" content=\"Reisdagboek voor kinderen \u2013 Bali, Lombok, Indonesi\u00eb &amp; Maleisi\u00eb | PDF\" \/>\n<meta property=\"og:description\" content=\"Laat je kind zijn avonturen in Bali, Lombok, Indonesi\u00eb en Maleisi\u00eb vastleggen! Dit reisdagboek voor kinderen is een kleurrijke PDF met 78 pagina\u2019s vol spelletjes, tekenplekken en herinneringsopdrachten. Direct printbaar en leuk voor onderweg!\" \/>\n<meta property=\"og:url\" content=\"https:\/\/littlepassportcrew.com\/nl\/product\/reisdagboek-kinderen-pdf-bali-indonesie-maleisie\/\" \/>\n<meta property=\"og:site_name\" content=\"Little Passport Crew\" \/>\n<meta property=\"article:modified_time\" content=\"2026-01-26T15:37:23+00:00\" \/>\n<meta property=\"og:image\" content=\"https:\/\/littlepassportcrew.com\/wp-content\/uploads\/2025\/10\/insta-bericht-journal-1.png\" \/>\n\t<meta property=\"og:image:width\" content=\"1080\" \/>\n\t<meta property=\"og:image:height\" content=\"1350\" \/>\n\t<meta property=\"og:image:type\" content=\"image\/png\" \/>\n<meta name=\"twitter:card\" content=\"summary_large_image\" \/>\n<meta name=\"twitter:label1\" content=\"Geschatte leestijd\" \/>\n\t<meta name=\"twitter:data1\" content=\"2 minuten\" \/>\n<script type=\"application\/ld+json\" class=\"yoast-schema-graph\">{\"@context\":\"https:\\\/\\\/schema.org\",\"@graph\":[{\"@type\":\"WebPage\",\"@id\":\"https:\\\/\\\/littlepassportcrew.com\\\/nl\\\/product\\\/reisdagboek-kinderen-pdf-bali-indonesie-maleisie\\\/\",\"url\":\"https:\\\/\\\/littlepassportcrew.com\\\/nl\\\/product\\\/reisdagboek-kinderen-pdf-bali-indonesie-maleisie\\\/\",\"name\":\"Reisdagboek voor kinderen \u2013 Bali, Lombok, Indonesi\u00eb & Maleisi\u00eb | PDF\",\"isPartOf\":{\"@id\":\"https:\\\/\\\/littlepassportcrew.com\\\/nl\\\/#website\"},\"primaryImageOfPage\":{\"@id\":\"https:\\\/\\\/littlepassportcrew.com\\\/nl\\\/product\\\/reisdagboek-kinderen-pdf-bali-indonesie-maleisie\\\/#primaryimage\"},\"image\":{\"@id\":\"https:\\\/\\\/littlepassportcrew.com\\\/nl\\\/product\\\/reisdagboek-kinderen-pdf-bali-indonesie-maleisie\\\/#primaryimage\"},\"thumbnailUrl\":\"https:\\\/\\\/littlepassportcrew.com\\\/wp-content\\\/uploads\\\/2025\\\/10\\\/insta-bericht-journal-1.png\",\"datePublished\":\"2025-10-04T11:36:25+00:00\",\"dateModified\":\"2026-01-26T15:37:23+00:00\",\"description\":\"Laat je kind zijn avonturen in Bali, Lombok, Indonesi\u00eb en Maleisi\u00eb vastleggen! Dit reisdagboek voor kinderen is een kleurrijke PDF met 78 pagina\u2019s vol spelletjes, tekenplekken en herinneringsopdrachten. Direct printbaar en leuk voor onderweg!\",\"breadcrumb\":{\"@id\":\"https:\\\/\\\/littlepassportcrew.com\\\/nl\\\/product\\\/reisdagboek-kinderen-pdf-bali-indonesie-maleisie\\\/#breadcrumb\"},\"inLanguage\":\"nl-NL\",\"potentialAction\":[{\"@type\":\"ReadAction\",\"target\":[\"https:\\\/\\\/littlepassportcrew.com\\\/nl\\\/product\\\/reisdagboek-kinderen-pdf-bali-indonesie-maleisie\\\/\"]}]},{\"@type\":\"ImageObject\",\"inLanguage\":\"nl-NL\",\"@id\":\"https:\\\/\\\/littlepassportcrew.com\\\/nl\\\/product\\\/reisdagboek-kinderen-pdf-bali-indonesie-maleisie\\\/#primaryimage\",\"url\":\"https:\\\/\\\/littlepassportcrew.com\\\/wp-content\\\/uploads\\\/2025\\\/10\\\/insta-bericht-journal-1.png\",\"contentUrl\":\"https:\\\/\\\/littlepassportcrew.com\\\/wp-content\\\/uploads\\\/2025\\\/10\\\/insta-bericht-journal-1.png\",\"width\":1080,\"height\":1350},{\"@type\":\"BreadcrumbList\",\"@id\":\"https:\\\/\\\/littlepassportcrew.com\\\/nl\\\/product\\\/reisdagboek-kinderen-pdf-bali-indonesie-maleisie\\\/#breadcrumb\",\"itemListElement\":[{\"@type\":\"ListItem\",\"position\":1,\"name\":\"Home\",\"item\":\"https:\\\/\\\/littlepassportcrew.com\\\/nl\\\/\"},{\"@type\":\"ListItem\",\"position\":2,\"name\":\"Shop\",\"item\":\"https:\\\/\\\/littlepassportcrew.com\\\/shop\\\/\"},{\"@type\":\"ListItem\",\"position\":3,\"name\":\"Reisdagboek voor Kinderen \u2013 Printbaar PDF-bestand\"}]},{\"@type\":\"WebSite\",\"@id\":\"https:\\\/\\\/littlepassportcrew.com\\\/nl\\\/#website\",\"url\":\"https:\\\/\\\/littlepassportcrew.com\\\/nl\\\/\",\"name\":\"Little Passport Crew\",\"description\":\"Little Feet, Big Adventure\",\"publisher\":{\"@id\":\"https:\\\/\\\/littlepassportcrew.com\\\/nl\\\/#\\\/schema\\\/person\\\/a475b14ec8e50eafd3afb8eb2cd5d556\"},\"potentialAction\":[{\"@type\":\"SearchAction\",\"target\":{\"@type\":\"EntryPoint\",\"urlTemplate\":\"https:\\\/\\\/littlepassportcrew.com\\\/nl\\\/?s={search_term_string}\"},\"query-input\":{\"@type\":\"PropertyValueSpecification\",\"valueRequired\":true,\"valueName\":\"search_term_string\"}}],\"inLanguage\":\"nl-NL\"},{\"@type\":[\"Person\",\"Organization\"],\"@id\":\"https:\\\/\\\/littlepassportcrew.com\\\/nl\\\/#\\\/schema\\\/person\\\/a475b14ec8e50eafd3afb8eb2cd5d556\",\"name\":\"dabyon13\",\"image\":{\"@type\":\"ImageObject\",\"inLanguage\":\"nl-NL\",\"@id\":\"https:\\\/\\\/littlepassportcrew.com\\\/wp-content\\\/uploads\\\/2025\\\/05\\\/Gezinsuitje-bij-de-waterval.png\",\"url\":\"https:\\\/\\\/littlepassportcrew.com\\\/wp-content\\\/uploads\\\/2025\\\/05\\\/Gezinsuitje-bij-de-waterval.png\",\"contentUrl\":\"https:\\\/\\\/littlepassportcrew.com\\\/wp-content\\\/uploads\\\/2025\\\/05\\\/Gezinsuitje-bij-de-waterval.png\",\"width\":1024,\"height\":1024,\"caption\":\"dabyon13\"},\"logo\":{\"@id\":\"https:\\\/\\\/littlepassportcrew.com\\\/wp-content\\\/uploads\\\/2025\\\/05\\\/Gezinsuitje-bij-de-waterval.png\"}}]}<\/script>\n<!-- \/ Yoast SEO plugin. -->","yoast_head_json":{"title":"Reisdagboek voor kinderen \u2013 Bali, Lombok, Indonesi\u00eb & Maleisi\u00eb | PDF","description":"Laat je kind zijn avonturen in Bali, Lombok, Indonesi\u00eb en Maleisi\u00eb vastleggen! Dit reisdagboek voor kinderen is een kleurrijke PDF met 78 pagina\u2019s vol spelletjes, tekenplekken en herinneringsopdrachten. Direct printbaar en leuk voor onderweg!","robots":{"index":"index","follow":"follow","max-snippet":"max-snippet:-1","max-image-preview":"max-image-preview:large","max-video-preview":"max-video-preview:-1"},"canonical":"https:\/\/littlepassportcrew.com\/nl\/product\/reisdagboek-kinderen-pdf-bali-indonesie-maleisie\/","og_locale":"nl_NL","og_type":"article","og_title":"Reisdagboek voor kinderen \u2013 Bali, Lombok, Indonesi\u00eb & Maleisi\u00eb | PDF","og_description":"Laat je kind zijn avonturen in Bali, Lombok, Indonesi\u00eb en Maleisi\u00eb vastleggen! Dit reisdagboek voor kinderen is een kleurrijke PDF met 78 pagina\u2019s vol spelletjes, tekenplekken en herinneringsopdrachten. Direct printbaar en leuk voor onderweg!","og_url":"https:\/\/littlepassportcrew.com\/nl\/product\/reisdagboek-kinderen-pdf-bali-indonesie-maleisie\/","og_site_name":"Little Passport Crew","article_modified_time":"2026-01-26T15:37:23+00:00","og_image":[{"width":1080,"height":1350,"url":"https:\/\/littlepassportcrew.com\/wp-content\/uploads\/2025\/10\/insta-bericht-journal-1.png","type":"image\/png"}],"twitter_card":"summary_large_image","twitter_misc":{"Geschatte leestijd":"2 minuten"},"schema":{"@context":"https:\/\/schema.org","@graph":[{"@type":"WebPage","@id":"https:\/\/littlepassportcrew.com\/nl\/product\/reisdagboek-kinderen-pdf-bali-indonesie-maleisie\/","url":"https:\/\/littlepassportcrew.com\/nl\/product\/reisdagboek-kinderen-pdf-bali-indonesie-maleisie\/","name":"Reisdagboek voor kinderen \u2013 Bali, Lombok, Indonesi\u00eb & Maleisi\u00eb | PDF","isPartOf":{"@id":"https:\/\/littlepassportcrew.com\/nl\/#website"},"primaryImageOfPage":{"@id":"https:\/\/littlepassportcrew.com\/nl\/product\/reisdagboek-kinderen-pdf-bali-indonesie-maleisie\/#primaryimage"},"image":{"@id":"https:\/\/littlepassportcrew.com\/nl\/product\/reisdagboek-kinderen-pdf-bali-indonesie-maleisie\/#primaryimage"},"thumbnailUrl":"https:\/\/littlepassportcrew.com\/wp-content\/uploads\/2025\/10\/insta-bericht-journal-1.png","datePublished":"2025-10-04T11:36:25+00:00","dateModified":"2026-01-26T15:37:23+00:00","description":"Laat je kind zijn avonturen in Bali, Lombok, Indonesi\u00eb en Maleisi\u00eb vastleggen! Dit reisdagboek voor kinderen is een kleurrijke PDF met 78 pagina\u2019s vol spelletjes, tekenplekken en herinneringsopdrachten. Direct printbaar en leuk voor onderweg!","breadcrumb":{"@id":"https:\/\/littlepassportcrew.com\/nl\/product\/reisdagboek-kinderen-pdf-bali-indonesie-maleisie\/#breadcrumb"},"inLanguage":"nl-NL","potentialAction":[{"@type":"ReadAction","target":["https:\/\/littlepassportcrew.com\/nl\/product\/reisdagboek-kinderen-pdf-bali-indonesie-maleisie\/"]}]},{"@type":"ImageObject","inLanguage":"nl-NL","@id":"https:\/\/littlepassportcrew.com\/nl\/product\/reisdagboek-kinderen-pdf-bali-indonesie-maleisie\/#primaryimage","url":"https:\/\/littlepassportcrew.com\/wp-content\/uploads\/2025\/10\/insta-bericht-journal-1.png","contentUrl":"https:\/\/littlepassportcrew.com\/wp-content\/uploads\/2025\/10\/insta-bericht-journal-1.png","width":1080,"height":1350},{"@type":"BreadcrumbList","@id":"https:\/\/littlepassportcrew.com\/nl\/product\/reisdagboek-kinderen-pdf-bali-indonesie-maleisie\/#breadcrumb","itemListElement":[{"@type":"ListItem","position":1,"name":"Home","item":"https:\/\/littlepassportcrew.com\/nl\/"},{"@type":"ListItem","position":2,"name":"Shop","item":"https:\/\/littlepassportcrew.com\/shop\/"},{"@type":"ListItem","position":3,"name":"Reisdagboek voor Kinderen \u2013 Printbaar PDF-bestand"}]},{"@type":"WebSite","@id":"https:\/\/littlepassportcrew.com\/nl\/#website","url":"https:\/\/littlepassportcrew.com\/nl\/","name":"Little Passport Crew","description":"Little Feet, Big Adventure","publisher":{"@id":"https:\/\/littlepassportcrew.com\/nl\/#\/schema\/person\/a475b14ec8e50eafd3afb8eb2cd5d556"},"potentialAction":[{"@type":"SearchAction","target":{"@type":"EntryPoint","urlTemplate":"https:\/\/littlepassportcrew.com\/nl\/?s={search_term_string}"},"query-input":{"@type":"PropertyValueSpecification","valueRequired":true,"valueName":"search_term_string"}}],"inLanguage":"nl-NL"},{"@type":["Person","Organization"],"@id":"https:\/\/littlepassportcrew.com\/nl\/#\/schema\/person\/a475b14ec8e50eafd3afb8eb2cd5d556","name":"dabyon13","image":{"@type":"ImageObject","inLanguage":"nl-NL","@id":"https:\/\/littlepassportcrew.com\/wp-content\/uploads\/2025\/05\/Gezinsuitje-bij-de-waterval.png","url":"https:\/\/littlepassportcrew.com\/wp-content\/uploads\/2025\/05\/Gezinsuitje-bij-de-waterval.png","contentUrl":"https:\/\/littlepassportcrew.com\/wp-content\/uploads\/2025\/05\/Gezinsuitje-bij-de-waterval.png","width":1024,"height":1024,"caption":"dabyon13"},"logo":{"@id":"https:\/\/littlepassportcrew.com\/wp-content\/uploads\/2025\/05\/Gezinsuitje-bij-de-waterval.png"}}]}},"_links":{"self":[{"href":"https:\/\/littlepassportcrew.com\/nl\/wp-json\/wp\/v2\/product\/7276","targetHints":{"allow":["GET"]}}],"collection":[{"href":"https:\/\/littlepassportcrew.com\/nl\/wp-json\/wp\/v2\/product"}],"about":[{"href":"https:\/\/littlepassportcrew.com\/nl\/wp-json\/wp\/v2\/types\/product"}],"replies":[{"embeddable":true,"href":"https:\/\/littlepassportcrew.com\/nl\/wp-json\/wp\/v2\/comments?post=7276"}],"wp:featuredmedia":[{"embeddable":true,"href":"https:\/\/littlepassportcrew.com\/nl\/wp-json\/wp\/v2\/media\/6838"}],"wp:attachment":[{"href":"https:\/\/littlepassportcrew.com\/nl\/wp-json\/wp\/v2\/media?parent=7276"}],"wp:term":[{"taxonomy":"product_brand","embeddable":true,"href":"https:\/\/littlepassportcrew.com\/nl\/wp-json\/wp\/v2\/product_brand?post=7276"},{"taxonomy":"product_cat","embeddable":true,"href":"https:\/\/littlepassportcrew.com\/nl\/wp-json\/wp\/v2\/product_cat?post=7276"},{"taxonomy":"product_tag","embeddable":true,"href":"https:\/\/littlepassportcrew.com\/nl\/wp-json\/wp\/v2\/product_tag?post=7276"}],"curies":[{"name":"wp","href":"https:\/\/api.w.org\/{rel}","templated":true}]}}